{"id":1455,"date":"2022-06-20T09:21:59","date_gmt":"2022-06-20T07:21:59","guid":{"rendered":"https:\/\/amendola.imm-reiseservice.de\/?page_id=1455"},"modified":"2025-06-22T19:59:57","modified_gmt":"2025-06-22T17:59:57","slug":"impressum","status":"publish","type":"page","link":"https:\/\/www.penthouse-amendola.com\/de\/impressum\/","title":{"rendered":"Impressum &#8211; IMM Reiseservice"},"content":{"rendered":"<div id=\"comp-ku3z3r7i\" class=\"_1Q9if\" data-testid=\"richTextElement\">\n<h2 class=\"font_3\">IMM Reiseservice KG &#8211; Ferienhausvermittlung Elba und Toskana<\/h2>\n<\/div>\n<div id=\"comp-kadmj0fh1\" class=\"_2Hij5\" data-testid=\"richTextElement\">\n<p class=\"font_8\">IMM Reiseservice KG, Amselweg 8, D-71229 Leonberg<\/p>\n<p class=\"font_8\">+49 (0) 7152 948596<\/p>\n<p class=\"font_8\">imm(at)imm-reiseservice.de<\/p>\n<p class=\"font_8\"><a href=\"https:\/\/www.elba-toscana.de\" target=\"_blank\" rel=\"noreferrer noopener\">https:\/\/www.elba-toscana.de<\/a><\/p>\n<p class=\"font_8\">Gesch\u00e4ftsf\u00fchrerin und Komplement\u00e4rin: Ingrid Mangold-Mertin<\/p>\n<p class=\"font_8\">USt-IdNr. DE272535862<\/p>\n<p class=\"font_8\">Amtsgericht Stuttgart: HRA 724651<\/p>\n<p class=\"font_8\">Verantwortlich f\u00fcr<\/p>\n<ul class=\"font_8 wix-list-text-align\">\n<li>\n<p class=\"font_8\">Inhalt: Ingrid Mangold-Mertin<\/p>\n<\/li>\n<li>\n<p class=\"font_8\">Graphik &amp; Design: Nadine Mertin<\/p>\n<\/li>\n<li>\n<p class=\"font_8\">Technik: Stefan Mertin<\/p>\n<\/li>\n<\/ul>\n<p class=\"font_8\">Die Rechte des Internet-Auftrittes liegen ausschlie\u00dflich bei IMM Reiseservice KG. Texte und Bildmaterial sind urheberrechtlich gesch\u00fctzt; eine Nutzung bedarf der schriftlichen Zustimmung von IMM Reiseservice KG. Gem\u00e4\u00df \u00a7 28 BDSG widersprechen wir jeglicher kommerziellen Verwendung und Weitergabe unserer Daten.<\/p>\n<h2 class=\"font_3\">Haftung<\/h2>\n<p class=\"font_8\">Es wird keine Haftung f\u00fcr eventuell fehlerhafte Inhalte \u00fcbernommen!<\/p>\n<h2 class=\"font_3\">Externe Links<\/h2>\n<p class=\"font_8\">Mit Urteil vom 12. Mai 1998 \u2013 312 O 85\/98 \u201eHaftung f\u00fcr Links\u201c hat das Landgericht Hamburg entschieden, dass der Inhaber der Homepage ggf. auch f\u00fcr die Inhalte der gelinkten Seiten verantwortlich ist, wenn nicht eine andere Aussage vorliegt.<\/p>\n<p class=\"font_8\">Obwohl wir den Inhalt der externen Links auf unserer Homepage nat\u00fcrlich kennen, m\u00fcssen wir deshalb darauf hinweisen, dass wir keine Haftung f\u00fcr deren Inhalt \u00fcbernehmen k\u00f6nnen, da wir \u00a0auf die gelinkten Seiten keinerlei Einfluss habe, und somit ausschlie\u00dflich die Betreiber f\u00fcr deren Inhalt verantwortlich sind.<\/p>\n<h2 class=\"font_3\">Datenschutz<\/h2>\n<p class=\"font_8\">Die Betreiber dieser Seiten nehmen den Schutz Ihrer pers\u00f6nlichen Daten sehr ernst. Wir behandeln Ihre personenbezogenen Daten vertraulich und entsprechend der gesetzlichen Datenschutzvorschriften sowie unserer\u00a0<a href=\"https:\/\/www.penthouse-amendola.com\/datenschutz\" target=\"_blank\" rel=\"noopener\">Datenschutzerkl\u00e4rung<\/a>.<\/p>\n<h2 class=\"font_3\">Hinweis zur Online-Streitbeilegung (gem. Art. 14 Abs. 1 ODR-VO)<\/h2>\n<p class=\"font_8\">Die EU-Kommission stellt eine Plattform zur Online-Streitbeilegung (kurz: \u201eOS\u201c\u201c) bereit; sie dient als Anlaufstelle zur au\u00dfergerichtlichen Beilegung von Streitigkeiten betreffend vertragliche Verpflichtungen, die aus Online-Kaufvertr\u00e4gen erwachsen. Die OS-Plattform ist unter dem folgenden Link zu erreichen: <a href=\"http:\/\/ec.europa.eu\/consumers\/odr\/\" target=\"_blank\" rel=\"noopener\" data-auto-recognition=\"true\">http:\/\/ec.europa.eu\/consumers\/odr\/<\/a><\/p>\n<\/div>\n","protected":false},"excerpt":{"rendered":"<p>IMM Reiseservice KG &#8211; Ferienhausvermittlung Elba und Toskana IMM Reiseservice KG, Amselweg 8, D-71229 Leonberg +49 (0) 7152 948596 imm(at)imm-reiseservice.de https:\/\/www.elba-toscana.de Gesch\u00e4ftsf\u00fchrerin und Komplement\u00e4rin: Ingrid Mangold-Mertin USt-IdNr. DE272535862 Amtsgericht Stuttgart: HRA 724651 Verantwortlich f\u00fcr Inhalt: Ingrid Mangold-Mertin Graphik &amp; Design: Nadine Mertin Technik: Stefan Mertin Die Rechte des Internet-Auftrittes liegen ausschlie\u00dflich bei IMM Reiseservice KG. [&hellip;]<\/p>\n","protected":false},"author":3,"featured_media":0,"parent":0,"menu_order":0,"comment_status":"closed","ping_status":"closed","template":"","meta":{"pgc_sgb_lightbox_settings":"","ocean_post_layout":"","ocean_both_sidebars_style":"","ocean_both_sidebars_content_width":0,"ocean_both_sidebars_sidebars_width":0,"ocean_sidebar":"","ocean_second_sidebar":"","ocean_disable_margins":"enable","ocean_add_body_class":"","ocean_shortcode_before_top_bar":"","ocean_shortcode_after_top_bar":"","ocean_shortcode_before_header":"","ocean_shortcode_after_header":"","ocean_has_shortcode":"","ocean_shortcode_after_title":"","ocean_shortcode_before_footer_widgets":"","ocean_shortcode_after_footer_widgets":"","ocean_shortcode_before_footer_bottom":"","ocean_shortcode_after_footer_bottom":"","ocean_display_top_bar":"default","ocean_display_header":"default","ocean_header_style":"","ocean_center_header_left_menu":"","ocean_custom_header_template":"","ocean_custom_logo":0,"ocean_custom_retina_logo":0,"ocean_custom_logo_max_width":0,"ocean_custom_logo_tablet_max_width":0,"ocean_custom_logo_mobile_max_width":0,"ocean_custom_logo_max_height":0,"ocean_custom_logo_tablet_max_height":0,"ocean_custom_logo_mobile_max_height":0,"ocean_header_custom_menu":"","ocean_menu_typo_font_family":"","ocean_menu_typo_font_subset":"","ocean_menu_typo_font_size":0,"ocean_menu_typo_font_size_tablet":0,"ocean_menu_typo_font_size_mobile":0,"ocean_menu_typo_font_size_unit":"px","ocean_menu_typo_font_weight":"","ocean_menu_typo_font_weight_tablet":"","ocean_menu_typo_font_weight_mobile":"","ocean_menu_typo_transform":"","ocean_menu_typo_transform_tablet":"","ocean_menu_typo_transform_mobile":"","ocean_menu_typo_line_height":0,"ocean_menu_typo_line_height_tablet":0,"ocean_menu_typo_line_height_mobile":0,"ocean_menu_typo_line_height_unit":"","ocean_menu_typo_spacing":0,"ocean_menu_typo_spacing_tablet":0,"ocean_menu_typo_spacing_mobile":0,"ocean_menu_typo_spacing_unit":"","ocean_menu_link_color":"","ocean_menu_link_color_hover":"","ocean_menu_link_color_active":"","ocean_menu_link_background":"","ocean_menu_link_hover_background":"","ocean_menu_link_active_background":"","ocean_menu_social_links_bg":"","ocean_menu_social_hover_links_bg":"","ocean_menu_social_links_color":"","ocean_menu_social_hover_links_color":"","ocean_disable_title":"default","ocean_disable_heading":"default","ocean_post_title":"","ocean_post_subheading":"","ocean_post_title_style":"","ocean_post_title_background_color":"","ocean_post_title_background":0,"ocean_post_title_bg_image_position":"","ocean_post_title_bg_image_attachment":"","ocean_post_title_bg_image_repeat":"","ocean_post_title_bg_image_size":"","ocean_post_title_height":0,"ocean_post_title_bg_overlay":0.5,"ocean_post_title_bg_overlay_color":"","ocean_disable_breadcrumbs":"default","ocean_breadcrumbs_color":"","ocean_breadcrumbs_separator_color":"","ocean_breadcrumbs_links_color":"","ocean_breadcrumbs_links_hover_color":"","ocean_display_footer_widgets":"default","ocean_display_footer_bottom":"default","ocean_custom_footer_template":"","osh_disable_topbar_sticky":"default","osh_disable_header_sticky":"default","osh_sticky_header_style":"default","osh_sticky_header_effect":"","osh_custom_sticky_logo":0,"osh_custom_retina_sticky_logo":0,"osh_custom_sticky_logo_height":0,"osh_background_color":"","osh_links_color":"","osh_links_hover_color":"","osh_links_active_color":"","osh_links_bg_color":"","osh_links_hover_bg_color":"","osh_links_active_bg_color":"","osh_menu_social_links_color":"","osh_menu_social_hover_links_color":"","footnotes":""},"class_list":["post-1455","page","type-page","status-publish","hentry","entry"],"yoast_head":"<!-- This site is optimized with the Yoast SEO plugin v27.5 - https:\/\/yoast.com\/product\/yoast-seo-wordpress\/ -->\n<title>Impressum - IMM Reiseservice - Penthouse Amendola<\/title>\n<meta name=\"description\" content=\"Impressum: IMM Reiseservice KG, Amselweg 8, DE-71229 Leonberg, Gesch\u00e4ftsf\u00fchrerin und Komplement\u00e4rin: Ingrid Mangold-Mertin\" \/>\n<meta name=\"robots\" content=\"index, follow, max-snippet:-1, max-image-preview:large, max-video-preview:-1\" \/>\n<link rel=\"canonical\" href=\"https:\/\/www.penthouse-amendola.com\/de\/impressum\/\" \/>\n<meta property=\"og:locale\" content=\"de_DE\" \/>\n<meta property=\"og:type\" content=\"article\" \/>\n<meta property=\"og:title\" content=\"Impressum - IMM Reiseservice - Penthouse Amendola\" \/>\n<meta property=\"og:description\" content=\"Impressum: IMM Reiseservice KG, Amselweg 8, DE-71229 Leonberg, Gesch\u00e4ftsf\u00fchrerin und Komplement\u00e4rin: Ingrid Mangold-Mertin\" \/>\n<meta property=\"og:url\" content=\"https:\/\/www.penthouse-amendola.com\/de\/impressum\/\" \/>\n<meta property=\"og:site_name\" content=\"Penthouse Amendola\" \/>\n<meta property=\"article:modified_time\" content=\"2025-06-22T17:59:57+00:00\" \/>\n<meta name=\"twitter:card\" content=\"summary_large_image\" \/>\n<meta name=\"twitter:label1\" content=\"Gesch\u00e4tzte Lesezeit\" \/>\n\t<meta name=\"twitter:data1\" content=\"2\u00a0Minuten\" \/>\n<script type=\"application\/ld+json\" class=\"yoast-schema-graph\">{\"@context\":\"https:\\\/\\\/schema.org\",\"@graph\":[{\"@type\":\"WebPage\",\"@id\":\"https:\\\/\\\/www.penthouse-amendola.com\\\/de\\\/impressum\\\/\",\"url\":\"https:\\\/\\\/www.penthouse-amendola.com\\\/de\\\/impressum\\\/\",\"name\":\"Impressum - IMM Reiseservice - Penthouse Amendola\",\"isPartOf\":{\"@id\":\"https:\\\/\\\/www.penthouse-amendola.com\\\/de\\\/#website\"},\"datePublished\":\"2022-06-20T07:21:59+00:00\",\"dateModified\":\"2025-06-22T17:59:57+00:00\",\"description\":\"Impressum: IMM Reiseservice KG, Amselweg 8, DE-71229 Leonberg, Gesch\u00e4ftsf\u00fchrerin und Komplement\u00e4rin: Ingrid Mangold-Mertin\",\"breadcrumb\":{\"@id\":\"https:\\\/\\\/www.penthouse-amendola.com\\\/de\\\/impressum\\\/#breadcrumb\"},\"inLanguage\":\"de\",\"potentialAction\":[{\"@type\":\"ReadAction\",\"target\":[\"https:\\\/\\\/www.penthouse-amendola.com\\\/de\\\/impressum\\\/\"]}]},{\"@type\":\"BreadcrumbList\",\"@id\":\"https:\\\/\\\/www.penthouse-amendola.com\\\/de\\\/impressum\\\/#breadcrumb\",\"itemListElement\":[{\"@type\":\"ListItem\",\"position\":1,\"name\":\"Startseite\",\"item\":\"https:\\\/\\\/www.penthouse-amendola.com\\\/de\\\/\"},{\"@type\":\"ListItem\",\"position\":2,\"name\":\"Impressum &#8211; IMM Reiseservice\"}]},{\"@type\":\"WebSite\",\"@id\":\"https:\\\/\\\/www.penthouse-amendola.com\\\/de\\\/#website\",\"url\":\"https:\\\/\\\/www.penthouse-amendola.com\\\/de\\\/\",\"name\":\"Penthouse Amendola\",\"description\":\"Exklusiver Urlaub in Florenz\",\"potentialAction\":[{\"@type\":\"SearchAction\",\"target\":{\"@type\":\"EntryPoint\",\"urlTemplate\":\"https:\\\/\\\/www.penthouse-amendola.com\\\/de\\\/?s={search_term_string}\"},\"query-input\":{\"@type\":\"PropertyValueSpecification\",\"valueRequired\":true,\"valueName\":\"search_term_string\"}}],\"inLanguage\":\"de\"}]}<\/script>\n<!-- \/ Yoast SEO plugin. -->","yoast_head_json":{"title":"Impressum - IMM Reiseservice - Penthouse Amendola","description":"Impressum: IMM Reiseservice KG, Amselweg 8, DE-71229 Leonberg, Gesch\u00e4ftsf\u00fchrerin und Komplement\u00e4rin: Ingrid Mangold-Mertin","robots":{"index":"index","follow":"follow","max-snippet":"max-snippet:-1","max-image-preview":"max-image-preview:large","max-video-preview":"max-video-preview:-1"},"canonical":"https:\/\/www.penthouse-amendola.com\/de\/impressum\/","og_locale":"de_DE","og_type":"article","og_title":"Impressum - IMM Reiseservice - Penthouse Amendola","og_description":"Impressum: IMM Reiseservice KG, Amselweg 8, DE-71229 Leonberg, Gesch\u00e4ftsf\u00fchrerin und Komplement\u00e4rin: Ingrid Mangold-Mertin","og_url":"https:\/\/www.penthouse-amendola.com\/de\/impressum\/","og_site_name":"Penthouse Amendola","article_modified_time":"2025-06-22T17:59:57+00:00","twitter_card":"summary_large_image","twitter_misc":{"Gesch\u00e4tzte Lesezeit":"2\u00a0Minuten"},"schema":{"@context":"https:\/\/schema.org","@graph":[{"@type":"WebPage","@id":"https:\/\/www.penthouse-amendola.com\/de\/impressum\/","url":"https:\/\/www.penthouse-amendola.com\/de\/impressum\/","name":"Impressum - IMM Reiseservice - Penthouse Amendola","isPartOf":{"@id":"https:\/\/www.penthouse-amendola.com\/de\/#website"},"datePublished":"2022-06-20T07:21:59+00:00","dateModified":"2025-06-22T17:59:57+00:00","description":"Impressum: IMM Reiseservice KG, Amselweg 8, DE-71229 Leonberg, Gesch\u00e4ftsf\u00fchrerin und Komplement\u00e4rin: Ingrid Mangold-Mertin","breadcrumb":{"@id":"https:\/\/www.penthouse-amendola.com\/de\/impressum\/#breadcrumb"},"inLanguage":"de","potentialAction":[{"@type":"ReadAction","target":["https:\/\/www.penthouse-amendola.com\/de\/impressum\/"]}]},{"@type":"BreadcrumbList","@id":"https:\/\/www.penthouse-amendola.com\/de\/impressum\/#breadcrumb","itemListElement":[{"@type":"ListItem","position":1,"name":"Startseite","item":"https:\/\/www.penthouse-amendola.com\/de\/"},{"@type":"ListItem","position":2,"name":"Impressum &#8211; IMM Reiseservice"}]},{"@type":"WebSite","@id":"https:\/\/www.penthouse-amendola.com\/de\/#website","url":"https:\/\/www.penthouse-amendola.com\/de\/","name":"Penthouse Amendola","description":"Exklusiver Urlaub in Florenz","potentialAction":[{"@type":"SearchAction","target":{"@type":"EntryPoint","urlTemplate":"https:\/\/www.penthouse-amendola.com\/de\/?s={search_term_string}"},"query-input":{"@type":"PropertyValueSpecification","valueRequired":true,"valueName":"search_term_string"}}],"inLanguage":"de"}]}},"_links":{"self":[{"href":"https:\/\/www.penthouse-amendola.com\/de\/wp-json\/wp\/v2\/pages\/1455","targetHints":{"allow":["GET"]}}],"collection":[{"href":"https:\/\/www.penthouse-amendola.com\/de\/wp-json\/wp\/v2\/pages"}],"about":[{"href":"https:\/\/www.penthouse-amendola.com\/de\/wp-json\/wp\/v2\/types\/page"}],"author":[{"embeddable":true,"href":"https:\/\/www.penthouse-amendola.com\/de\/wp-json\/wp\/v2\/users\/3"}],"replies":[{"embeddable":true,"href":"https:\/\/www.penthouse-amendola.com\/de\/wp-json\/wp\/v2\/comments?post=1455"}],"version-history":[{"count":6,"href":"https:\/\/www.penthouse-amendola.com\/de\/wp-json\/wp\/v2\/pages\/1455\/revisions"}],"predecessor-version":[{"id":3374,"href":"https:\/\/www.penthouse-amendola.com\/de\/wp-json\/wp\/v2\/pages\/1455\/revisions\/3374"}],"wp:attachment":[{"href":"https:\/\/www.penthouse-amendola.com\/de\/wp-json\/wp\/v2\/media?parent=1455"}],"curies":[{"name":"wp","href":"https:\/\/api.w.org\/{rel}","templated":true}]}}